{"id":280,"date":"2018-06-06T15:16:49","date_gmt":"2018-06-06T15:16:49","guid":{"rendered":"https:\/\/ld-wp73.template-help.com\/monstroid2\/skins\/desenteur\/?page_id=280"},"modified":"2024-07-06T19:51:32","modified_gmt":"2024-07-06T17:51:32","slug":"o-nas","status":"publish","type":"page","link":"https:\/\/www.lucrum.pl\/strefa-wiedzy\/o-nas\/","title":{"rendered":"O nas"},"content":{"rendered":"\t\t<div data-elementor-type=\"wp-post\" data-elementor-id=\"280\" class=\"elementor elementor-280\">\n\t\t\t\t\t\t<section class=\"elementor-section elementor-top-section elementor-element elementor-element-6d9909e elementor-section-boxed elementor-section-height-default elementor-section-height-default\" data-id=\"6d9909e\" data-element_type=\"section\" data-settings=\"{&quot;jet_parallax_layout_list&quot;:[]}\">\n\t\t\t\t\t\t<div class=\"elementor-container elementor-column-gap-default\">\n\t\t\t\t\t<div class=\"elementor-column elementor-col-100 elementor-top-column elementor-element elementor-element-6291c08\" data-id=\"6291c08\" data-element_type=\"column\">\n\t\t\t<div class=\"elementor-widget-wrap elementor-element-populated\">\n\t\t\t\t\t\t<div class=\"elementor-element elementor-element-e806d77 elementor-widget elementor-widget-heading\" data-id=\"e806d77\" data-element_type=\"widget\" data-widget_type=\"heading.default\">\n\t\t\t\t<div class=\"elementor-widget-container\">\n\t\t\t<style>\/*! elementor - v3.22.0 - 26-06-2024 *\/\n.elementor-heading-title{padding:0;margin:0;line-height:1}.elementor-widget-heading .elementor-heading-title[class*=elementor-size-]>a{color:inherit;font-size:inherit;line-height:inherit}.elementor-widget-heading .elementor-heading-title.elementor-size-small{font-size:15px}.elementor-widget-heading .elementor-heading-title.elementor-size-medium{font-size:19px}.elementor-widget-heading .elementor-heading-title.elementor-size-large{font-size:29px}.elementor-widget-heading .elementor-heading-title.elementor-size-xl{font-size:39px}.elementor-widget-heading .elementor-heading-title.elementor-size-xxl{font-size:59px}<\/style><h2 class=\"elementor-heading-title elementor-size-default\">KIM JESTE\u015aMY?<\/h2>\t\t<\/div>\n\t\t\t\t<\/div>\n\t\t\t\t\t<\/div>\n\t\t<\/div>\n\t\t\t\t\t<\/div>\n\t\t<\/section>\n\t\t\t\t<section class=\"elementor-section elementor-top-section elementor-element elementor-element-b47af63 elementor-section-boxed elementor-section-height-default elementor-section-height-default\" data-id=\"b47af63\" data-element_type=\"section\" data-settings=\"{&quot;jet_parallax_layout_list&quot;:[]}\">\n\t\t\t\t\t\t<div class=\"elementor-container elementor-column-gap-default\">\n\t\t\t\t\t<div class=\"elementor-column elementor-col-100 elementor-top-column elementor-element elementor-element-3751f9b\" data-id=\"3751f9b\" data-element_type=\"column\">\n\t\t\t<div class=\"elementor-widget-wrap elementor-element-populated\">\n\t\t\t\t\t\t<div class=\"elementor-element elementor-element-a75d5f4 elementor-widget elementor-widget-text-editor\" data-id=\"a75d5f4\" data-element_type=\"widget\" data-widget_type=\"text-editor.default\">\n\t\t\t\t<div class=\"elementor-widget-container\">\n\t\t\t<style>\/*! elementor - v3.22.0 - 26-06-2024 *\/\n.elementor-widget-text-editor.elementor-drop-cap-view-stacked .elementor-drop-cap{background-color:#69727d;color:#fff}.elementor-widget-text-editor.elementor-drop-cap-view-framed .elementor-drop-cap{color:#69727d;border:3px solid;background-color:transparent}.elementor-widget-text-editor:not(.elementor-drop-cap-view-default) .elementor-drop-cap{margin-top:8px}.elementor-widget-text-editor:not(.elementor-drop-cap-view-default) .elementor-drop-cap-letter{width:1em;height:1em}.elementor-widget-text-editor .elementor-drop-cap{float:left;text-align:center;line-height:1;font-size:50px}.elementor-widget-text-editor .elementor-drop-cap-letter{display:inline-block}<\/style>\t\t\t\t<p>Kalendarze tworzymy nieprzerwanie od 1993 roku. To nasza pasja! Nie maj\u0105 przed nami \u017cadnych tajemnic, ch\u0119tnie wi\u0119c pomo\u017cemy ka\u017cdemu w zaprzyja\u017anieniu si\u0119 z w\u0142a\u015bciwym typem&#8230; kalendarza \ud83d\ude42<\/p>\t\t\t\t\t\t<\/div>\n\t\t\t\t<\/div>\n\t\t\t\t\t<\/div>\n\t\t<\/div>\n\t\t\t\t\t<\/div>\n\t\t<\/section>\n\t\t\t\t<section class=\"elementor-section elementor-top-section elementor-element elementor-element-b9dfdda elementor-section-boxed elementor-section-height-default elementor-section-height-default\" data-id=\"b9dfdda\" data-element_type=\"section\" data-settings=\"{&quot;jet_parallax_layout_list&quot;:[{&quot;jet_parallax_layout_image&quot;:{&quot;url&quot;:&quot;&quot;,&quot;id&quot;:&quot;&quot;,&quot;size&quot;:&quot;&quot;},&quot;_id&quot;:&quot;608059c&quot;,&quot;jet_parallax_layout_speed&quot;:{&quot;unit&quot;:&quot;%&quot;,&quot;size&quot;:50,&quot;sizes&quot;:[]},&quot;jet_parallax_layout_image_tablet&quot;:{&quot;url&quot;:&quot;&quot;,&quot;id&quot;:&quot;&quot;,&quot;size&quot;:&quot;&quot;},&quot;jet_parallax_layout_image_mobile&quot;:{&quot;url&quot;:&quot;&quot;,&quot;id&quot;:&quot;&quot;,&quot;size&quot;:&quot;&quot;},&quot;jet_parallax_layout_type&quot;:&quot;scroll&quot;,&quot;jet_parallax_layout_direction&quot;:null,&quot;jet_parallax_layout_fx_direction&quot;:null,&quot;jet_parallax_layout_z_index&quot;:&quot;&quot;,&quot;jet_parallax_layout_bg_x&quot;:50,&quot;jet_parallax_layout_bg_x_tablet&quot;:&quot;&quot;,&quot;jet_parallax_layout_bg_x_mobile&quot;:&quot;&quot;,&quot;jet_parallax_layout_bg_y&quot;:50,&quot;jet_parallax_layout_bg_y_tablet&quot;:&quot;&quot;,&quot;jet_parallax_layout_bg_y_mobile&quot;:&quot;&quot;,&quot;jet_parallax_layout_bg_size&quot;:&quot;auto&quot;,&quot;jet_parallax_layout_bg_size_tablet&quot;:&quot;&quot;,&quot;jet_parallax_layout_bg_size_mobile&quot;:&quot;&quot;,&quot;jet_parallax_layout_animation_prop&quot;:&quot;transform&quot;,&quot;jet_parallax_layout_on&quot;:[&quot;desktop&quot;,&quot;tablet&quot;]}]}\">\n\t\t\t\t\t\t<div class=\"elementor-container elementor-column-gap-extended\">\n\t\t\t\t\t<div class=\"elementor-column elementor-col-100 elementor-top-column elementor-element elementor-element-7a0c61f\" data-id=\"7a0c61f\" data-element_type=\"column\">\n\t\t\t<div class=\"elementor-widget-wrap elementor-element-populated\">\n\t\t\t\t\t\t<div class=\"elementor-element elementor-element-cdb4897 elementor-widget elementor-widget-heading\" data-id=\"cdb4897\" data-element_type=\"widget\" data-widget_type=\"heading.default\">\n\t\t\t\t<div class=\"elementor-widget-container\">\n\t\t\t<h4 class=\"elementor-heading-title elementor-size-default\">Poznaj nasz zesp\u00f3\u0142!<\/h4>\t\t<\/div>\n\t\t\t\t<\/div>\n\t\t\t\t\t<\/div>\n\t\t<\/div>\n\t\t\t\t\t<\/div>\n\t\t<\/section>\n\t\t\t\t<section class=\"elementor-section elementor-top-section elementor-element elementor-element-c2db262 elementor-section-boxed elementor-section-height-default elementor-section-height-default\" data-id=\"c2db262\" data-element_type=\"section\" data-settings=\"{&quot;jet_parallax_layout_list&quot;:[{&quot;jet_parallax_layout_image&quot;:{&quot;url&quot;:&quot;&quot;,&quot;id&quot;:&quot;&quot;,&quot;size&quot;:&quot;&quot;},&quot;_id&quot;:&quot;e8392bf&quot;,&quot;jet_parallax_layout_speed&quot;:{&quot;unit&quot;:&quot;%&quot;,&quot;size&quot;:50,&quot;sizes&quot;:[]},&quot;jet_parallax_layout_image_tablet&quot;:{&quot;url&quot;:&quot;&quot;,&quot;id&quot;:&quot;&quot;,&quot;size&quot;:&quot;&quot;},&quot;jet_parallax_layout_image_mobile&quot;:{&quot;url&quot;:&quot;&quot;,&quot;id&quot;:&quot;&quot;,&quot;size&quot;:&quot;&quot;},&quot;jet_parallax_layout_type&quot;:&quot;scroll&quot;,&quot;jet_parallax_layout_direction&quot;:null,&quot;jet_parallax_layout_fx_direction&quot;:null,&quot;jet_parallax_layout_z_index&quot;:&quot;&quot;,&quot;jet_parallax_layout_bg_x&quot;:50,&quot;jet_parallax_layout_bg_x_tablet&quot;:&quot;&quot;,&quot;jet_parallax_layout_bg_x_mobile&quot;:&quot;&quot;,&quot;jet_parallax_layout_bg_y&quot;:50,&quot;jet_parallax_layout_bg_y_tablet&quot;:&quot;&quot;,&quot;jet_parallax_layout_bg_y_mobile&quot;:&quot;&quot;,&quot;jet_parallax_layout_bg_size&quot;:&quot;auto&quot;,&quot;jet_parallax_layout_bg_size_tablet&quot;:&quot;&quot;,&quot;jet_parallax_layout_bg_size_mobile&quot;:&quot;&quot;,&quot;jet_parallax_layout_animation_prop&quot;:&quot;transform&quot;,&quot;jet_parallax_layout_on&quot;:[&quot;desktop&quot;,&quot;tablet&quot;]}]}\">\n\t\t\t\t\t\t<div class=\"elementor-container elementor-column-gap-extended\">\n\t\t\t\t\t<div class=\"elementor-column elementor-col-25 elementor-top-column elementor-element elementor-element-28d2c47 elementor-invisible\" data-id=\"28d2c47\" data-element_type=\"column\" data-settings=\"{&quot;animation&quot;:&quot;fadeInDown&quot;}\">\n\t\t\t<div class=\"elementor-widget-wrap elementor-element-populated\">\n\t\t\t\t\t\t<div class=\"elementor-element elementor-element-afd9a46 elementor-widget elementor-widget-jet-team-member\" data-id=\"afd9a46\" data-element_type=\"widget\" data-widget_type=\"jet-team-member.default\">\n\t\t\t\t<div class=\"elementor-widget-container\">\n\t\t\t<div class=\"elementor-jet-team-member jet-elements\"><div class=\"jet-team-member\">\n\t<div class=\"jet-team-member__inner\">\n\t\t<div class=\"jet-team-member__image\">\n\t\t\t<div class=\"jet-team-member__cover\"><\/div>\n\t\t\t<figure class=\"jet-team-member__figure\"><img fetchpriority=\"high\" decoding=\"async\" width=\"600\" height=\"663\" src=\"https:\/\/www.lucrum.pl\/strefa-wiedzy\/wp-content\/uploads\/2022\/09\/MG-biegacz.jpg\" class=\"jet-team-member__img-tag\" alt=\"MG-biegacz\" srcset=\"https:\/\/www.lucrum.pl\/strefa-wiedzy\/wp-content\/uploads\/2022\/09\/MG-biegacz.jpg 600w, https:\/\/www.lucrum.pl\/strefa-wiedzy\/wp-content\/uploads\/2022\/09\/MG-biegacz-271x300.jpg 271w\" sizes=\"(max-width: 600px) 100vw, 600px\" \/><\/figure>\t\t<\/div>\n\t\t<div class=\"jet-team-member__content\"><div class=\"jet-team-member__position\"><span>Dzia\u0142 Handlowy<\/span><\/div><p class=\"jet-team-member__desc\">Pasjonatka sportu \ud83d\udcaa<\/p><div class=\"jet-team-member__socials\"><\/div><div class=\"jet-team-member__button-container\"><a class=\"elementor-button elementor-size-md jet-team-member__button\" href=\"http:\/\/192.168.9.80\/2019\/07.july\/desenteur\/single-team\/\">Miros\u0142awa G\u00f3ra<\/a><\/div><\/div>\n\t<\/div>\n<\/div>\n<\/div>\t\t<\/div>\n\t\t\t\t<\/div>\n\t\t\t\t\t<\/div>\n\t\t<\/div>\n\t\t\t\t<div class=\"elementor-column elementor-col-25 elementor-top-column elementor-element elementor-element-0d38837 elementor-invisible\" data-id=\"0d38837\" data-element_type=\"column\" data-settings=\"{&quot;animation&quot;:&quot;fadeInUp&quot;}\">\n\t\t\t<div class=\"elementor-widget-wrap elementor-element-populated\">\n\t\t\t\t\t\t<div class=\"elementor-element elementor-element-72f8008 elementor-widget elementor-widget-jet-team-member\" data-id=\"72f8008\" data-element_type=\"widget\" data-widget_type=\"jet-team-member.default\">\n\t\t\t\t<div class=\"elementor-widget-container\">\n\t\t\t<div class=\"elementor-jet-team-member jet-elements\"><div class=\"jet-team-member\">\n\t<div class=\"jet-team-member__inner\">\n\t\t<div class=\"jet-team-member__image\">\n\t\t\t<div class=\"jet-team-member__cover\"><\/div>\n\t\t\t<figure class=\"jet-team-member__figure\"><img decoding=\"async\" width=\"600\" height=\"664\" src=\"https:\/\/www.lucrum.pl\/strefa-wiedzy\/wp-content\/uploads\/2022\/09\/IZ-czytacz.jpg\" class=\"jet-team-member__img-tag\" alt=\"IZ-czytacz\" srcset=\"https:\/\/www.lucrum.pl\/strefa-wiedzy\/wp-content\/uploads\/2022\/09\/IZ-czytacz.jpg 600w, https:\/\/www.lucrum.pl\/strefa-wiedzy\/wp-content\/uploads\/2022\/09\/IZ-czytacz-271x300.jpg 271w\" sizes=\"(max-width: 600px) 100vw, 600px\" \/><\/figure>\t\t<\/div>\n\t\t<div class=\"jet-team-member__content\"><div class=\"jet-team-member__position\"><span>Dzia\u0142 Indywidualizacji<\/span><\/div><p class=\"jet-team-member__desc\">Znawca literatury \ud83d\udc4c<\/p><div class=\"jet-team-member__socials\"><\/div><div class=\"jet-team-member__button-container\"><a class=\"elementor-button elementor-size-md jet-team-member__button\" href=\"http:\/\/192.168.9.80\/2019\/07.july\/desenteur\/single-team\/\">Iwona Zar\u0119ba<\/a><\/div><\/div>\n\t<\/div>\n<\/div>\n<\/div>\t\t<\/div>\n\t\t\t\t<\/div>\n\t\t\t\t\t<\/div>\n\t\t<\/div>\n\t\t\t\t<div class=\"elementor-column elementor-col-25 elementor-top-column elementor-element elementor-element-07409dc elementor-invisible\" data-id=\"07409dc\" data-element_type=\"column\" data-settings=\"{&quot;animation&quot;:&quot;fadeInDown&quot;}\">\n\t\t\t<div class=\"elementor-widget-wrap elementor-element-populated\">\n\t\t\t\t\t\t<div class=\"elementor-element elementor-element-d86b89c elementor-widget elementor-widget-jet-team-member\" data-id=\"d86b89c\" data-element_type=\"widget\" data-widget_type=\"jet-team-member.default\">\n\t\t\t\t<div class=\"elementor-widget-container\">\n\t\t\t<div class=\"elementor-jet-team-member jet-elements\"><div class=\"jet-team-member\">\n\t<div class=\"jet-team-member__inner\">\n\t\t<div class=\"jet-team-member__image\">\n\t\t\t<div class=\"jet-team-member__cover\"><\/div>\n\t\t\t<figure class=\"jet-team-member__figure\"><img decoding=\"async\" width=\"2305\" height=\"2560\" src=\"https:\/\/www.lucrum.pl\/strefa-wiedzy\/wp-content\/uploads\/2022\/09\/JW-samochodziarz-scaled.jpg\" class=\"jet-team-member__img-tag\" alt=\"JW-samochodziarz\" srcset=\"https:\/\/www.lucrum.pl\/strefa-wiedzy\/wp-content\/uploads\/2022\/09\/JW-samochodziarz-scaled.jpg 2305w, https:\/\/www.lucrum.pl\/strefa-wiedzy\/wp-content\/uploads\/2022\/09\/JW-samochodziarz-270x300.jpg 270w, https:\/\/www.lucrum.pl\/strefa-wiedzy\/wp-content\/uploads\/2022\/09\/JW-samochodziarz-922x1024.jpg 922w, https:\/\/www.lucrum.pl\/strefa-wiedzy\/wp-content\/uploads\/2022\/09\/JW-samochodziarz-768x853.jpg 768w, https:\/\/www.lucrum.pl\/strefa-wiedzy\/wp-content\/uploads\/2022\/09\/JW-samochodziarz-1383x1536.jpg 1383w, https:\/\/www.lucrum.pl\/strefa-wiedzy\/wp-content\/uploads\/2022\/09\/JW-samochodziarz-1844x2048.jpg 1844w, https:\/\/www.lucrum.pl\/strefa-wiedzy\/wp-content\/uploads\/2022\/09\/JW-samochodziarz-600x667.jpg 600w\" sizes=\"(max-width: 2305px) 100vw, 2305px\" \/><\/figure>\t\t<\/div>\n\t\t<div class=\"jet-team-member__content\"><div class=\"jet-team-member__position\"><span>Dzia\u0142 Handlowy<\/span><\/div><p class=\"jet-team-member__desc\">Spec od samochod\u00f3w \ud83d\udc4d<\/p><div class=\"jet-team-member__socials\"><\/div><div class=\"jet-team-member__button-container\"><a class=\"elementor-button elementor-size-md jet-team-member__button\" href=\"http:\/\/192.168.9.80\/2019\/07.july\/desenteur\/single-team\/\">Jacek Walkowicz<\/a><\/div><\/div>\n\t<\/div>\n<\/div>\n<\/div>\t\t<\/div>\n\t\t\t\t<\/div>\n\t\t\t\t\t<\/div>\n\t\t<\/div>\n\t\t\t\t<div class=\"elementor-column elementor-col-25 elementor-top-column elementor-element elementor-element-dd994ed elementor-invisible\" data-id=\"dd994ed\" data-element_type=\"column\" data-settings=\"{&quot;animation&quot;:&quot;fadeInUp&quot;}\">\n\t\t\t<div class=\"elementor-widget-wrap elementor-element-populated\">\n\t\t\t\t\t\t<div class=\"elementor-element elementor-element-4ed11e9 elementor-widget elementor-widget-jet-team-member\" data-id=\"4ed11e9\" data-element_type=\"widget\" data-widget_type=\"jet-team-member.default\">\n\t\t\t\t<div class=\"elementor-widget-container\">\n\t\t\t<div class=\"elementor-jet-team-member jet-elements\"><div class=\"jet-team-member\">\n\t<div class=\"jet-team-member__inner\">\n\t\t<div class=\"jet-team-member__image\">\n\t\t\t<div class=\"jet-team-member__cover\"><\/div>\n\t\t\t<figure class=\"jet-team-member__figure\"><img loading=\"lazy\" decoding=\"async\" width=\"2301\" height=\"2560\" src=\"https:\/\/www.lucrum.pl\/strefa-wiedzy\/wp-content\/uploads\/2022\/09\/KS-kucharz-scaled.jpg\" class=\"jet-team-member__img-tag\" alt=\"KS-kucharz\" srcset=\"https:\/\/www.lucrum.pl\/strefa-wiedzy\/wp-content\/uploads\/2022\/09\/KS-kucharz-scaled.jpg 2301w, https:\/\/www.lucrum.pl\/strefa-wiedzy\/wp-content\/uploads\/2022\/09\/KS-kucharz-270x300.jpg 270w, https:\/\/www.lucrum.pl\/strefa-wiedzy\/wp-content\/uploads\/2022\/09\/KS-kucharz-921x1024.jpg 921w, https:\/\/www.lucrum.pl\/strefa-wiedzy\/wp-content\/uploads\/2022\/09\/KS-kucharz-768x854.jpg 768w, https:\/\/www.lucrum.pl\/strefa-wiedzy\/wp-content\/uploads\/2022\/09\/KS-kucharz-1381x1536.jpg 1381w, https:\/\/www.lucrum.pl\/strefa-wiedzy\/wp-content\/uploads\/2022\/09\/KS-kucharz-1841x2048.jpg 1841w, https:\/\/www.lucrum.pl\/strefa-wiedzy\/wp-content\/uploads\/2022\/09\/KS-kucharz-600x667.jpg 600w\" sizes=\"(max-width: 2301px) 100vw, 2301px\" \/><\/figure>\t\t<\/div>\n\t\t<div class=\"jet-team-member__content\"><div class=\"jet-team-member__position\"><span>CEO<\/span><\/div><p class=\"jet-team-member__desc\">Ekspert \u017cywienia \ud83e\udd1e<\/p><div class=\"jet-team-member__socials\"><\/div><div class=\"jet-team-member__button-container\"><a class=\"elementor-button elementor-size-md jet-team-member__button\" href=\"http:\/\/192.168.9.80\/2019\/07.july\/desenteur\/single-team\/\">Katarzyna Sroka<\/a><\/div><\/div>\n\t<\/div>\n<\/div>\n<\/div>\t\t<\/div>\n\t\t\t\t<\/div>\n\t\t\t\t\t<\/div>\n\t\t<\/div>\n\t\t\t\t\t<\/div>\n\t\t<\/section>\n\t\t\t\t<\/div>\n\t\t","protected":false},"excerpt":{"rendered":"<p>KIM JESTE\u015aMY? Kalendarze tworzymy nieprzerwanie od 1993 roku. To nasza pasja! Nie maj\u0105 przed nami \u017cadnych tajemnic, ch\u0119tnie wi\u0119c pomo\u017cemy ka\u017cdemu w zaprzyja\u017anieniu si\u0119 z w\u0142a\u015bciwym typem&#8230; kalendarza \ud83d\ude42 Poznaj nasz zesp\u00f3\u0142! Dzia\u0142 Handlowy Pasjonatka sportu \ud83d\udcaa Miros\u0142awa G\u00f3ra Dzia\u0142 Indywidualizacji Znawca literatury \ud83d\udc4c Iwona Zar\u0119ba Dzia\u0142 Handlowy Spec od samochod\u00f3w \ud83d\udc4d Jacek Walkowicz CEO [&hellip;]<\/p>\n","protected":false},"author":3,"featured_media":0,"parent":0,"menu_order":0,"comment_status":"closed","ping_status":"closed","template":"page-templates\/fullwidth-content.php","meta":{"footnotes":""},"class_list":["post-280","page","type-page","status-publish","hentry"],"yoast_head":"<!-- This site is optimized with the Yoast SEO plugin v19.6 - https:\/\/yoast.com\/wordpress\/plugins\/seo\/ -->\n<title>O nas - Lucrum Kalendarze - Strefa Wiedzy<\/title>\n<meta name=\"description\" content=\"Poznaj nasz zesp\u00f3\u0142\" \/>\n<meta name=\"robots\" content=\"index, follow, max-snippet:-1, max-image-preview:large, max-video-preview:-1\" \/>\n<link rel=\"canonical\" href=\"https:\/\/www.lucrum.pl\/strefa-wiedzy\/o-nas\/\" \/>\n<meta property=\"og:locale\" content=\"pl_PL\" \/>\n<meta property=\"og:type\" content=\"article\" \/>\n<meta property=\"og:title\" content=\"O nas - Lucrum Kalendarze - Strefa Wiedzy\" \/>\n<meta property=\"og:description\" content=\"Poznaj nasz zesp\u00f3\u0142\" \/>\n<meta property=\"og:url\" content=\"https:\/\/www.lucrum.pl\/strefa-wiedzy\/o-nas\/\" \/>\n<meta property=\"og:site_name\" content=\"Lucrum Kalendarze - Strefa Wiedzy\" \/>\n<meta property=\"article:publisher\" content=\"https:\/\/www.facebook.com\/kalendarzeLucrum\/\" \/>\n<meta property=\"article:modified_time\" content=\"2024-07-06T17:51:32+00:00\" \/>\n<meta property=\"og:image\" content=\"https:\/\/www.lucrum.pl\/strefa-wiedzy\/wp-content\/uploads\/2022\/09\/MG-biegacz.jpg\" \/>\n<meta name=\"twitter:card\" content=\"summary_large_image\" \/>\n<meta name=\"twitter:label1\" content=\"Szacowany czas czytania\" \/>\n\t<meta name=\"twitter:data1\" content=\"2 minuty\" \/>\n<script type=\"application\/ld+json\" class=\"yoast-schema-graph\">{\"@context\":\"https:\/\/schema.org\",\"@graph\":[{\"@type\":\"WebPage\",\"@id\":\"https:\/\/www.lucrum.pl\/strefa-wiedzy\/o-nas\/\",\"url\":\"https:\/\/www.lucrum.pl\/strefa-wiedzy\/o-nas\/\",\"name\":\"O nas - Lucrum Kalendarze - Strefa Wiedzy\",\"isPartOf\":{\"@id\":\"https:\/\/www.lucrum.pl\/strefa-wiedzy\/#website\"},\"datePublished\":\"2018-06-06T15:16:49+00:00\",\"dateModified\":\"2024-07-06T17:51:32+00:00\",\"description\":\"Poznaj nasz zesp\u00f3\u0142\",\"breadcrumb\":{\"@id\":\"https:\/\/www.lucrum.pl\/strefa-wiedzy\/o-nas\/#breadcrumb\"},\"inLanguage\":\"pl-PL\",\"potentialAction\":[{\"@type\":\"ReadAction\",\"target\":[\"https:\/\/www.lucrum.pl\/strefa-wiedzy\/o-nas\/\"]}]},{\"@type\":\"BreadcrumbList\",\"@id\":\"https:\/\/www.lucrum.pl\/strefa-wiedzy\/o-nas\/#breadcrumb\",\"itemListElement\":[{\"@type\":\"ListItem\",\"position\":1,\"name\":\"BLOG\",\"item\":\"https:\/\/www.lucrum.pl\/strefa-wiedzy\/\"},{\"@type\":\"ListItem\",\"position\":2,\"name\":\"O nas\"}]},{\"@type\":\"WebSite\",\"@id\":\"https:\/\/www.lucrum.pl\/strefa-wiedzy\/#website\",\"url\":\"https:\/\/www.lucrum.pl\/strefa-wiedzy\/\",\"name\":\"Lucrum Kalendarze - Strefa Wiedzy\",\"description\":\"Bo warto wiedzie\u0107\",\"publisher\":{\"@id\":\"https:\/\/www.lucrum.pl\/strefa-wiedzy\/#organization\"},\"potentialAction\":[{\"@type\":\"SearchAction\",\"target\":{\"@type\":\"EntryPoint\",\"urlTemplate\":\"https:\/\/www.lucrum.pl\/strefa-wiedzy\/?s={search_term_string}\"},\"query-input\":\"required name=search_term_string\"}],\"inLanguage\":\"pl-PL\"},{\"@type\":\"Organization\",\"@id\":\"https:\/\/www.lucrum.pl\/strefa-wiedzy\/#organization\",\"name\":\"Lucrum Kalendarze - Strefa Wiedzy\",\"url\":\"https:\/\/www.lucrum.pl\/strefa-wiedzy\/\",\"sameAs\":[\"https:\/\/www.instagram.com\/kalendarzelucrum\/\",\"https:\/\/www.linkedin.com\/company\/wydawnictwo-lucrum-sp-z-o-o\",\"https:\/\/pl.pinterest.com\/LucrumKalendarze\/\",\"https:\/\/www.facebook.com\/kalendarzeLucrum\/\"],\"logo\":{\"@type\":\"ImageObject\",\"inLanguage\":\"pl-PL\",\"@id\":\"https:\/\/www.lucrum.pl\/strefa-wiedzy\/#\/schema\/logo\/image\/\",\"url\":\"https:\/\/www.lucrum.pl\/strefa-wiedzy\/wp-content\/uploads\/2022\/08\/logo-lucrum-poziome.png\",\"contentUrl\":\"https:\/\/www.lucrum.pl\/strefa-wiedzy\/wp-content\/uploads\/2022\/08\/logo-lucrum-poziome.png\",\"width\":174,\"height\":32,\"caption\":\"Lucrum Kalendarze - Strefa Wiedzy\"},\"image\":{\"@id\":\"https:\/\/www.lucrum.pl\/strefa-wiedzy\/#\/schema\/logo\/image\/\"}}]}<\/script>\n<!-- \/ Yoast SEO plugin. -->","yoast_head_json":{"title":"O nas - Lucrum Kalendarze - Strefa Wiedzy","description":"Poznaj nasz zesp\u00f3\u0142","robots":{"index":"index","follow":"follow","max-snippet":"max-snippet:-1","max-image-preview":"max-image-preview:large","max-video-preview":"max-video-preview:-1"},"canonical":"https:\/\/www.lucrum.pl\/strefa-wiedzy\/o-nas\/","og_locale":"pl_PL","og_type":"article","og_title":"O nas - Lucrum Kalendarze - Strefa Wiedzy","og_description":"Poznaj nasz zesp\u00f3\u0142","og_url":"https:\/\/www.lucrum.pl\/strefa-wiedzy\/o-nas\/","og_site_name":"Lucrum Kalendarze - Strefa Wiedzy","article_publisher":"https:\/\/www.facebook.com\/kalendarzeLucrum\/","article_modified_time":"2024-07-06T17:51:32+00:00","og_image":[{"url":"https:\/\/www.lucrum.pl\/strefa-wiedzy\/wp-content\/uploads\/2022\/09\/MG-biegacz.jpg"}],"twitter_card":"summary_large_image","twitter_misc":{"Szacowany czas czytania":"2 minuty"},"schema":{"@context":"https:\/\/schema.org","@graph":[{"@type":"WebPage","@id":"https:\/\/www.lucrum.pl\/strefa-wiedzy\/o-nas\/","url":"https:\/\/www.lucrum.pl\/strefa-wiedzy\/o-nas\/","name":"O nas - Lucrum Kalendarze - Strefa Wiedzy","isPartOf":{"@id":"https:\/\/www.lucrum.pl\/strefa-wiedzy\/#website"},"datePublished":"2018-06-06T15:16:49+00:00","dateModified":"2024-07-06T17:51:32+00:00","description":"Poznaj nasz zesp\u00f3\u0142","breadcrumb":{"@id":"https:\/\/www.lucrum.pl\/strefa-wiedzy\/o-nas\/#breadcrumb"},"inLanguage":"pl-PL","potentialAction":[{"@type":"ReadAction","target":["https:\/\/www.lucrum.pl\/strefa-wiedzy\/o-nas\/"]}]},{"@type":"BreadcrumbList","@id":"https:\/\/www.lucrum.pl\/strefa-wiedzy\/o-nas\/#breadcrumb","itemListElement":[{"@type":"ListItem","position":1,"name":"BLOG","item":"https:\/\/www.lucrum.pl\/strefa-wiedzy\/"},{"@type":"ListItem","position":2,"name":"O nas"}]},{"@type":"WebSite","@id":"https:\/\/www.lucrum.pl\/strefa-wiedzy\/#website","url":"https:\/\/www.lucrum.pl\/strefa-wiedzy\/","name":"Lucrum Kalendarze - Strefa Wiedzy","description":"Bo warto wiedzie\u0107","publisher":{"@id":"https:\/\/www.lucrum.pl\/strefa-wiedzy\/#organization"},"potentialAction":[{"@type":"SearchAction","target":{"@type":"EntryPoint","urlTemplate":"https:\/\/www.lucrum.pl\/strefa-wiedzy\/?s={search_term_string}"},"query-input":"required name=search_term_string"}],"inLanguage":"pl-PL"},{"@type":"Organization","@id":"https:\/\/www.lucrum.pl\/strefa-wiedzy\/#organization","name":"Lucrum Kalendarze - Strefa Wiedzy","url":"https:\/\/www.lucrum.pl\/strefa-wiedzy\/","sameAs":["https:\/\/www.instagram.com\/kalendarzelucrum\/","https:\/\/www.linkedin.com\/company\/wydawnictwo-lucrum-sp-z-o-o","https:\/\/pl.pinterest.com\/LucrumKalendarze\/","https:\/\/www.facebook.com\/kalendarzeLucrum\/"],"logo":{"@type":"ImageObject","inLanguage":"pl-PL","@id":"https:\/\/www.lucrum.pl\/strefa-wiedzy\/#\/schema\/logo\/image\/","url":"https:\/\/www.lucrum.pl\/strefa-wiedzy\/wp-content\/uploads\/2022\/08\/logo-lucrum-poziome.png","contentUrl":"https:\/\/www.lucrum.pl\/strefa-wiedzy\/wp-content\/uploads\/2022\/08\/logo-lucrum-poziome.png","width":174,"height":32,"caption":"Lucrum Kalendarze - Strefa Wiedzy"},"image":{"@id":"https:\/\/www.lucrum.pl\/strefa-wiedzy\/#\/schema\/logo\/image\/"}}]}},"_links":{"self":[{"href":"https:\/\/www.lucrum.pl\/strefa-wiedzy\/wp-json\/wp\/v2\/pages\/280","targetHints":{"allow":["GET"]}}],"collection":[{"href":"https:\/\/www.lucrum.pl\/strefa-wiedzy\/wp-json\/wp\/v2\/pages"}],"about":[{"href":"https:\/\/www.lucrum.pl\/strefa-wiedzy\/wp-json\/wp\/v2\/types\/page"}],"author":[{"embeddable":true,"href":"https:\/\/www.lucrum.pl\/strefa-wiedzy\/wp-json\/wp\/v2\/users\/3"}],"replies":[{"embeddable":true,"href":"https:\/\/www.lucrum.pl\/strefa-wiedzy\/wp-json\/wp\/v2\/comments?post=280"}],"version-history":[{"count":24,"href":"https:\/\/www.lucrum.pl\/strefa-wiedzy\/wp-json\/wp\/v2\/pages\/280\/revisions"}],"predecessor-version":[{"id":1448,"href":"https:\/\/www.lucrum.pl\/strefa-wiedzy\/wp-json\/wp\/v2\/pages\/280\/revisions\/1448"}],"wp:attachment":[{"href":"https:\/\/www.lucrum.pl\/strefa-wiedzy\/wp-json\/wp\/v2\/media?parent=280"}],"curies":[{"name":"wp","href":"https:\/\/api.w.org\/{rel}","templated":true}]}}