{"id":408,"date":"2018-06-07T14:17:15","date_gmt":"2018-06-07T14:17:15","guid":{"rendered":"https:\/\/ld-wp73.template-help.com\/monstroid2\/skins\/desenteur\/?page_id=408"},"modified":"2022-08-08T10:16:25","modified_gmt":"2022-08-08T08:16:25","slug":"contact","status":"publish","type":"page","link":"https:\/\/www.lucrum.pl\/strefa-wiedzy\/contact\/","title":{"rendered":"KONTAKT"},"content":{"rendered":"\t\t<div data-elementor-type=\"wp-post\" data-elementor-id=\"408\" class=\"elementor elementor-408\">\n\t\t\t\t\t\t<section class=\"elementor-section elementor-top-section elementor-element elementor-element-14f0 elementor-section-boxed elementor-section-height-default elementor-section-height-default\" data-id=\"14f0\" data-element_type=\"section\" data-settings=\"{&quot;jet_parallax_layout_list&quot;:[{&quot;jet_parallax_layout_image&quot;:{&quot;url&quot;:&quot;&quot;,&quot;id&quot;:&quot;&quot;,&quot;size&quot;:&quot;&quot;},&quot;_id&quot;:&quot;fb4d86c&quot;,&quot;jet_parallax_layout_speed&quot;:{&quot;unit&quot;:&quot;%&quot;,&quot;size&quot;:50,&quot;sizes&quot;:[]},&quot;jet_parallax_layout_image_tablet&quot;:{&quot;url&quot;:&quot;&quot;,&quot;id&quot;:&quot;&quot;,&quot;size&quot;:&quot;&quot;},&quot;jet_parallax_layout_image_mobile&quot;:{&quot;url&quot;:&quot;&quot;,&quot;id&quot;:&quot;&quot;,&quot;size&quot;:&quot;&quot;},&quot;jet_parallax_layout_type&quot;:&quot;scroll&quot;,&quot;jet_parallax_layout_direction&quot;:null,&quot;jet_parallax_layout_fx_direction&quot;:null,&quot;jet_parallax_layout_z_index&quot;:&quot;&quot;,&quot;jet_parallax_layout_bg_x&quot;:50,&quot;jet_parallax_layout_bg_x_tablet&quot;:&quot;&quot;,&quot;jet_parallax_layout_bg_x_mobile&quot;:&quot;&quot;,&quot;jet_parallax_layout_bg_y&quot;:50,&quot;jet_parallax_layout_bg_y_tablet&quot;:&quot;&quot;,&quot;jet_parallax_layout_bg_y_mobile&quot;:&quot;&quot;,&quot;jet_parallax_layout_bg_size&quot;:&quot;auto&quot;,&quot;jet_parallax_layout_bg_size_tablet&quot;:&quot;&quot;,&quot;jet_parallax_layout_bg_size_mobile&quot;:&quot;&quot;,&quot;jet_parallax_layout_animation_prop&quot;:&quot;transform&quot;,&quot;jet_parallax_layout_on&quot;:[&quot;desktop&quot;,&quot;tablet&quot;]}]}\">\n\t\t\t\t\t\t<div class=\"elementor-container elementor-column-gap-extended\">\n\t\t\t\t\t<div class=\"elementor-column elementor-col-100 elementor-top-column elementor-element elementor-element-3933\" data-id=\"3933\" data-element_type=\"column\">\n\t\t\t<div class=\"elementor-widget-wrap elementor-element-populated\">\n\t\t\t\t\t\t<div class=\"elementor-element elementor-element-b45ae48 elementor-widget elementor-widget-heading\" data-id=\"b45ae48\" data-element_type=\"widget\" data-widget_type=\"heading.default\">\n\t\t\t\t<div class=\"elementor-widget-container\">\n\t\t\t<style>\/*! elementor - v3.22.0 - 26-06-2024 *\/\n.elementor-heading-title{padding:0;margin:0;line-height:1}.elementor-widget-heading .elementor-heading-title[class*=elementor-size-]>a{color:inherit;font-size:inherit;line-height:inherit}.elementor-widget-heading .elementor-heading-title.elementor-size-small{font-size:15px}.elementor-widget-heading .elementor-heading-title.elementor-size-medium{font-size:19px}.elementor-widget-heading .elementor-heading-title.elementor-size-large{font-size:29px}.elementor-widget-heading .elementor-heading-title.elementor-size-xl{font-size:39px}.elementor-widget-heading .elementor-heading-title.elementor-size-xxl{font-size:59px}<\/style><h4 class=\"elementor-heading-title elementor-size-default\">Gdzie nas znajdziesz?<\/h4>\t\t<\/div>\n\t\t\t\t<\/div>\n\t\t\t\t\t<\/div>\n\t\t<\/div>\n\t\t\t\t\t<\/div>\n\t\t<\/section>\n\t\t\t\t<section class=\"elementor-section elementor-top-section elementor-element elementor-element-ca8a4f5 elementor-section-content-middle elementor-section-boxed elementor-section-height-default elementor-section-height-default\" data-id=\"ca8a4f5\" data-element_type=\"section\" data-settings=\"{&quot;jet_parallax_layout_list&quot;:[{&quot;jet_parallax_layout_image&quot;:{&quot;url&quot;:&quot;https:\\\/\\\/www.lucrum.pl\\\/strefa-wiedzy\\\/wp-content\\\/uploads\\\/2022\\\/08\\\/logo-lucrum-poziome.png&quot;,&quot;id&quot;:664,&quot;size&quot;:&quot;&quot;,&quot;alt&quot;:&quot;&quot;,&quot;source&quot;:&quot;library&quot;},&quot;_id&quot;:&quot;4210454&quot;,&quot;jet_parallax_layout_speed&quot;:{&quot;unit&quot;:&quot;%&quot;,&quot;size&quot;:9,&quot;sizes&quot;:[]},&quot;jet_parallax_layout_image_tablet&quot;:{&quot;url&quot;:&quot;&quot;,&quot;id&quot;:&quot;&quot;,&quot;size&quot;:&quot;&quot;},&quot;jet_parallax_layout_image_mobile&quot;:{&quot;url&quot;:&quot;&quot;,&quot;id&quot;:&quot;&quot;,&quot;size&quot;:&quot;&quot;},&quot;jet_parallax_layout_type&quot;:&quot;scroll&quot;,&quot;jet_parallax_layout_direction&quot;:null,&quot;jet_parallax_layout_fx_direction&quot;:null,&quot;jet_parallax_layout_z_index&quot;:&quot;&quot;,&quot;jet_parallax_layout_bg_x&quot;:50,&quot;jet_parallax_layout_bg_x_tablet&quot;:&quot;&quot;,&quot;jet_parallax_layout_bg_x_mobile&quot;:&quot;&quot;,&quot;jet_parallax_layout_bg_y&quot;:50,&quot;jet_parallax_layout_bg_y_tablet&quot;:&quot;&quot;,&quot;jet_parallax_layout_bg_y_mobile&quot;:&quot;&quot;,&quot;jet_parallax_layout_bg_size&quot;:&quot;auto&quot;,&quot;jet_parallax_layout_bg_size_tablet&quot;:&quot;&quot;,&quot;jet_parallax_layout_bg_size_mobile&quot;:&quot;&quot;,&quot;jet_parallax_layout_animation_prop&quot;:&quot;transform&quot;,&quot;jet_parallax_layout_on&quot;:[&quot;desktop&quot;,&quot;tablet&quot;]}]}\">\n\t\t\t\t\t\t<div class=\"elementor-container elementor-column-gap-extended\">\n\t\t\t\t\t<div class=\"elementor-column elementor-col-33 elementor-top-column elementor-element elementor-element-88fa824\" data-id=\"88fa824\" data-element_type=\"column\">\n\t\t\t<div class=\"elementor-widget-wrap elementor-element-populated\">\n\t\t\t\t\t\t<div class=\"elementor-element elementor-element-b89013d elementor-widget elementor-widget-heading\" data-id=\"b89013d\" data-element_type=\"widget\" data-widget_type=\"heading.default\">\n\t\t\t\t<div class=\"elementor-widget-container\">\n\t\t\t<h5 class=\"elementor-heading-title elementor-size-default\">FACEBOOK<\/h5>\t\t<\/div>\n\t\t\t\t<\/div>\n\t\t\t\t<div class=\"elementor-element elementor-element-2fc36d6 elementor-widget elementor-widget-text-editor\" data-id=\"2fc36d6\" data-element_type=\"widget\" data-widget_type=\"text-editor.default\">\n\t\t\t\t<div class=\"elementor-widget-container\">\n\t\t\t<style>\/*! elementor - v3.22.0 - 26-06-2024 *\/\n.elementor-widget-text-editor.elementor-drop-cap-view-stacked .elementor-drop-cap{background-color:#69727d;color:#fff}.elementor-widget-text-editor.elementor-drop-cap-view-framed .elementor-drop-cap{color:#69727d;border:3px solid;background-color:transparent}.elementor-widget-text-editor:not(.elementor-drop-cap-view-default) .elementor-drop-cap{margin-top:8px}.elementor-widget-text-editor:not(.elementor-drop-cap-view-default) .elementor-drop-cap-letter{width:1em;height:1em}.elementor-widget-text-editor .elementor-drop-cap{float:left;text-align:center;line-height:1;font-size:50px}.elementor-widget-text-editor .elementor-drop-cap-letter{display:inline-block}<\/style>\t\t\t\t<p><a href=\"https:\/\/www.facebook.com\/kalendarzeLucrum\/\">KalendarzeLucrum<\/a><\/p>\t\t\t\t\t\t<\/div>\n\t\t\t\t<\/div>\n\t\t\t\t\t<\/div>\n\t\t<\/div>\n\t\t\t\t<div class=\"elementor-column elementor-col-33 elementor-top-column elementor-element elementor-element-c7d3064\" data-id=\"c7d3064\" data-element_type=\"column\">\n\t\t\t<div class=\"elementor-widget-wrap elementor-element-populated\">\n\t\t\t\t\t\t<div class=\"elementor-element elementor-element-1a96b40 elementor-widget elementor-widget-heading\" data-id=\"1a96b40\" data-element_type=\"widget\" data-widget_type=\"heading.default\">\n\t\t\t\t<div class=\"elementor-widget-container\">\n\t\t\t<h5 class=\"elementor-heading-title elementor-size-default\">TELEFON<\/h5>\t\t<\/div>\n\t\t\t\t<\/div>\n\t\t\t\t<div class=\"elementor-element elementor-element-4286414 elementor-widget elementor-widget-text-editor\" data-id=\"4286414\" data-element_type=\"widget\" data-widget_type=\"text-editor.default\">\n\t\t\t\t<div class=\"elementor-widget-container\">\n\t\t\t\t\t\t\t<p style=\"text-align: center;\">Ch\u0119tnie odpowiemy na Wasze pytania dotycz\u0105ce kalendarzy!<\/p>\t\t\t\t\t\t<\/div>\n\t\t\t\t<\/div>\n\t\t\t\t<div class=\"elementor-element elementor-element-384e8c7 elementor-widget elementor-widget-text-editor\" data-id=\"384e8c7\" data-element_type=\"widget\" data-widget_type=\"text-editor.default\">\n\t\t\t\t<div class=\"elementor-widget-container\">\n\t\t\t\t\t\t\t<p style=\"text-align: center;\"><a href=\"callto:18008899898\">33 822-01-41<\/a><\/p>\t\t\t\t\t\t<\/div>\n\t\t\t\t<\/div>\n\t\t\t\t\t<\/div>\n\t\t<\/div>\n\t\t\t\t<div class=\"elementor-column elementor-col-33 elementor-top-column elementor-element elementor-element-e91c3fc\" data-id=\"e91c3fc\" data-element_type=\"column\">\n\t\t\t<div class=\"elementor-widget-wrap elementor-element-populated\">\n\t\t\t\t\t\t<div class=\"elementor-element elementor-element-560e11a elementor-widget elementor-widget-heading\" data-id=\"560e11a\" data-element_type=\"widget\" data-widget_type=\"heading.default\">\n\t\t\t\t<div class=\"elementor-widget-container\">\n\t\t\t<h5 class=\"elementor-heading-title elementor-size-default\">EMAIL<\/h5>\t\t<\/div>\n\t\t\t\t<\/div>\n\t\t\t\t<div class=\"elementor-element elementor-element-e4713d6 elementor-widget elementor-widget-text-editor\" data-id=\"e4713d6\" data-element_type=\"widget\" data-widget_type=\"text-editor.default\">\n\t\t\t\t<div class=\"elementor-widget-container\">\n\t\t\t\t\t\t\t<p style=\"text-align: center;\">Je\u015bli wolisz do nas napisa\u0107, zapraszamy!<\/p>\t\t\t\t\t\t<\/div>\n\t\t\t\t<\/div>\n\t\t\t\t<div class=\"elementor-element elementor-element-83eacde elementor-widget elementor-widget-text-editor\" data-id=\"83eacde\" data-element_type=\"widget\" data-widget_type=\"text-editor.default\">\n\t\t\t\t<div class=\"elementor-widget-container\">\n\t\t\t\t\t\t\t<p style=\"text-align: center;\"><a href=\"mailto:mail@demolink.org\">lucrum@lucrum.pl<\/a><\/p>\t\t\t\t\t\t<\/div>\n\t\t\t\t<\/div>\n\t\t\t\t\t<\/div>\n\t\t<\/div>\n\t\t\t\t\t<\/div>\n\t\t<\/section>\n\t\t\t\t<\/div>\n\t\t","protected":false},"excerpt":{"rendered":"<p>Gdzie nas znajdziesz? FACEBOOK KalendarzeLucrum TELEFON Ch\u0119tnie odpowiemy na Wasze pytania dotycz\u0105ce kalendarzy! 33 822-01-41 EMAIL Je\u015bli wolisz do nas napisa\u0107, zapraszamy! lucrum@lucrum.pl<\/p>\n","protected":false},"author":1,"featured_media":0,"parent":0,"menu_order":0,"comment_status":"closed","ping_status":"closed","template":"page-templates\/fullwidth-content.php","meta":{"footnotes":""},"class_list":["post-408","page","type-page","status-publish","hentry"],"yoast_head":"<!-- This site is optimized with the Yoast SEO plugin v19.6 - https:\/\/yoast.com\/wordpress\/plugins\/seo\/ -->\n<title>KONTAKT - Lucrum Kalendarze - Strefa Wiedzy<\/title>\n<meta name=\"robots\" content=\"index, follow, max-snippet:-1, max-image-preview:large, max-video-preview:-1\" \/>\n<link rel=\"canonical\" href=\"https:\/\/www.lucrum.pl\/strefa-wiedzy\/contact\/\" \/>\n<meta property=\"og:locale\" content=\"pl_PL\" \/>\n<meta property=\"og:type\" content=\"article\" \/>\n<meta property=\"og:title\" content=\"KONTAKT - Lucrum Kalendarze - Strefa Wiedzy\" \/>\n<meta property=\"og:description\" content=\"Gdzie nas znajdziesz? FACEBOOK KalendarzeLucrum TELEFON Ch\u0119tnie odpowiemy na Wasze pytania dotycz\u0105ce kalendarzy! 33 822-01-41 EMAIL Je\u015bli wolisz do nas napisa\u0107, zapraszamy! lucrum@lucrum.pl\" \/>\n<meta property=\"og:url\" content=\"https:\/\/www.lucrum.pl\/strefa-wiedzy\/contact\/\" \/>\n<meta property=\"og:site_name\" content=\"Lucrum Kalendarze - Strefa Wiedzy\" \/>\n<meta property=\"article:publisher\" content=\"https:\/\/www.facebook.com\/kalendarzeLucrum\/\" \/>\n<meta property=\"article:modified_time\" content=\"2022-08-08T08:16:25+00:00\" \/>\n<meta name=\"twitter:card\" content=\"summary_large_image\" \/>\n<script type=\"application\/ld+json\" class=\"yoast-schema-graph\">{\"@context\":\"https:\/\/schema.org\",\"@graph\":[{\"@type\":\"WebPage\",\"@id\":\"https:\/\/www.lucrum.pl\/strefa-wiedzy\/contact\/\",\"url\":\"https:\/\/www.lucrum.pl\/strefa-wiedzy\/contact\/\",\"name\":\"KONTAKT - Lucrum Kalendarze - Strefa Wiedzy\",\"isPartOf\":{\"@id\":\"https:\/\/www.lucrum.pl\/strefa-wiedzy\/#website\"},\"datePublished\":\"2018-06-07T14:17:15+00:00\",\"dateModified\":\"2022-08-08T08:16:25+00:00\",\"breadcrumb\":{\"@id\":\"https:\/\/www.lucrum.pl\/strefa-wiedzy\/contact\/#breadcrumb\"},\"inLanguage\":\"pl-PL\",\"potentialAction\":[{\"@type\":\"ReadAction\",\"target\":[\"https:\/\/www.lucrum.pl\/strefa-wiedzy\/contact\/\"]}]},{\"@type\":\"BreadcrumbList\",\"@id\":\"https:\/\/www.lucrum.pl\/strefa-wiedzy\/contact\/#breadcrumb\",\"itemListElement\":[{\"@type\":\"ListItem\",\"position\":1,\"name\":\"BLOG\",\"item\":\"https:\/\/www.lucrum.pl\/strefa-wiedzy\/\"},{\"@type\":\"ListItem\",\"position\":2,\"name\":\"KONTAKT\"}]},{\"@type\":\"WebSite\",\"@id\":\"https:\/\/www.lucrum.pl\/strefa-wiedzy\/#website\",\"url\":\"https:\/\/www.lucrum.pl\/strefa-wiedzy\/\",\"name\":\"Lucrum Kalendarze - Strefa Wiedzy\",\"description\":\"Bo warto wiedzie\u0107\",\"publisher\":{\"@id\":\"https:\/\/www.lucrum.pl\/strefa-wiedzy\/#organization\"},\"potentialAction\":[{\"@type\":\"SearchAction\",\"target\":{\"@type\":\"EntryPoint\",\"urlTemplate\":\"https:\/\/www.lucrum.pl\/strefa-wiedzy\/?s={search_term_string}\"},\"query-input\":\"required name=search_term_string\"}],\"inLanguage\":\"pl-PL\"},{\"@type\":\"Organization\",\"@id\":\"https:\/\/www.lucrum.pl\/strefa-wiedzy\/#organization\",\"name\":\"Lucrum Kalendarze - Strefa Wiedzy\",\"url\":\"https:\/\/www.lucrum.pl\/strefa-wiedzy\/\",\"sameAs\":[\"https:\/\/www.instagram.com\/kalendarzelucrum\/\",\"https:\/\/www.linkedin.com\/company\/wydawnictwo-lucrum-sp-z-o-o\",\"https:\/\/pl.pinterest.com\/LucrumKalendarze\/\",\"https:\/\/www.facebook.com\/kalendarzeLucrum\/\"],\"logo\":{\"@type\":\"ImageObject\",\"inLanguage\":\"pl-PL\",\"@id\":\"https:\/\/www.lucrum.pl\/strefa-wiedzy\/#\/schema\/logo\/image\/\",\"url\":\"https:\/\/www.lucrum.pl\/strefa-wiedzy\/wp-content\/uploads\/2022\/08\/logo-lucrum-poziome.png\",\"contentUrl\":\"https:\/\/www.lucrum.pl\/strefa-wiedzy\/wp-content\/uploads\/2022\/08\/logo-lucrum-poziome.png\",\"width\":174,\"height\":32,\"caption\":\"Lucrum Kalendarze - Strefa Wiedzy\"},\"image\":{\"@id\":\"https:\/\/www.lucrum.pl\/strefa-wiedzy\/#\/schema\/logo\/image\/\"}}]}<\/script>\n<!-- \/ Yoast SEO plugin. -->","yoast_head_json":{"title":"KONTAKT - Lucrum Kalendarze - Strefa Wiedzy","robots":{"index":"index","follow":"follow","max-snippet":"max-snippet:-1","max-image-preview":"max-image-preview:large","max-video-preview":"max-video-preview:-1"},"canonical":"https:\/\/www.lucrum.pl\/strefa-wiedzy\/contact\/","og_locale":"pl_PL","og_type":"article","og_title":"KONTAKT - Lucrum Kalendarze - Strefa Wiedzy","og_description":"Gdzie nas znajdziesz? FACEBOOK KalendarzeLucrum TELEFON Ch\u0119tnie odpowiemy na Wasze pytania dotycz\u0105ce kalendarzy! 33 822-01-41 EMAIL Je\u015bli wolisz do nas napisa\u0107, zapraszamy! lucrum@lucrum.pl","og_url":"https:\/\/www.lucrum.pl\/strefa-wiedzy\/contact\/","og_site_name":"Lucrum Kalendarze - Strefa Wiedzy","article_publisher":"https:\/\/www.facebook.com\/kalendarzeLucrum\/","article_modified_time":"2022-08-08T08:16:25+00:00","twitter_card":"summary_large_image","schema":{"@context":"https:\/\/schema.org","@graph":[{"@type":"WebPage","@id":"https:\/\/www.lucrum.pl\/strefa-wiedzy\/contact\/","url":"https:\/\/www.lucrum.pl\/strefa-wiedzy\/contact\/","name":"KONTAKT - Lucrum Kalendarze - Strefa Wiedzy","isPartOf":{"@id":"https:\/\/www.lucrum.pl\/strefa-wiedzy\/#website"},"datePublished":"2018-06-07T14:17:15+00:00","dateModified":"2022-08-08T08:16:25+00:00","breadcrumb":{"@id":"https:\/\/www.lucrum.pl\/strefa-wiedzy\/contact\/#breadcrumb"},"inLanguage":"pl-PL","potentialAction":[{"@type":"ReadAction","target":["https:\/\/www.lucrum.pl\/strefa-wiedzy\/contact\/"]}]},{"@type":"BreadcrumbList","@id":"https:\/\/www.lucrum.pl\/strefa-wiedzy\/contact\/#breadcrumb","itemListElement":[{"@type":"ListItem","position":1,"name":"BLOG","item":"https:\/\/www.lucrum.pl\/strefa-wiedzy\/"},{"@type":"ListItem","position":2,"name":"KONTAKT"}]},{"@type":"WebSite","@id":"https:\/\/www.lucrum.pl\/strefa-wiedzy\/#website","url":"https:\/\/www.lucrum.pl\/strefa-wiedzy\/","name":"Lucrum Kalendarze - Strefa Wiedzy","description":"Bo warto wiedzie\u0107","publisher":{"@id":"https:\/\/www.lucrum.pl\/strefa-wiedzy\/#organization"},"potentialAction":[{"@type":"SearchAction","target":{"@type":"EntryPoint","urlTemplate":"https:\/\/www.lucrum.pl\/strefa-wiedzy\/?s={search_term_string}"},"query-input":"required name=search_term_string"}],"inLanguage":"pl-PL"},{"@type":"Organization","@id":"https:\/\/www.lucrum.pl\/strefa-wiedzy\/#organization","name":"Lucrum Kalendarze - Strefa Wiedzy","url":"https:\/\/www.lucrum.pl\/strefa-wiedzy\/","sameAs":["https:\/\/www.instagram.com\/kalendarzelucrum\/","https:\/\/www.linkedin.com\/company\/wydawnictwo-lucrum-sp-z-o-o","https:\/\/pl.pinterest.com\/LucrumKalendarze\/","https:\/\/www.facebook.com\/kalendarzeLucrum\/"],"logo":{"@type":"ImageObject","inLanguage":"pl-PL","@id":"https:\/\/www.lucrum.pl\/strefa-wiedzy\/#\/schema\/logo\/image\/","url":"https:\/\/www.lucrum.pl\/strefa-wiedzy\/wp-content\/uploads\/2022\/08\/logo-lucrum-poziome.png","contentUrl":"https:\/\/www.lucrum.pl\/strefa-wiedzy\/wp-content\/uploads\/2022\/08\/logo-lucrum-poziome.png","width":174,"height":32,"caption":"Lucrum Kalendarze - Strefa Wiedzy"},"image":{"@id":"https:\/\/www.lucrum.pl\/strefa-wiedzy\/#\/schema\/logo\/image\/"}}]}},"_links":{"self":[{"href":"https:\/\/www.lucrum.pl\/strefa-wiedzy\/wp-json\/wp\/v2\/pages\/408","targetHints":{"allow":["GET"]}}],"collection":[{"href":"https:\/\/www.lucrum.pl\/strefa-wiedzy\/wp-json\/wp\/v2\/pages"}],"about":[{"href":"https:\/\/www.lucrum.pl\/strefa-wiedzy\/wp-json\/wp\/v2\/types\/page"}],"author":[{"embeddable":true,"href":"https:\/\/www.lucrum.pl\/strefa-wiedzy\/wp-json\/wp\/v2\/users\/1"}],"replies":[{"embeddable":true,"href":"https:\/\/www.lucrum.pl\/strefa-wiedzy\/wp-json\/wp\/v2\/comments?post=408"}],"version-history":[{"count":12,"href":"https:\/\/www.lucrum.pl\/strefa-wiedzy\/wp-json\/wp\/v2\/pages\/408\/revisions"}],"predecessor-version":[{"id":774,"href":"https:\/\/www.lucrum.pl\/strefa-wiedzy\/wp-json\/wp\/v2\/pages\/408\/revisions\/774"}],"wp:attachment":[{"href":"https:\/\/www.lucrum.pl\/strefa-wiedzy\/wp-json\/wp\/v2\/media?parent=408"}],"curies":[{"name":"wp","href":"https:\/\/api.w.org\/{rel}","templated":true}]}}